{"id":252,"date":"2020-10-16T10:51:22","date_gmt":"2020-10-16T08:51:22","guid":{"rendered":"http:\/\/test.pus-eck.de\/?page_id=252"},"modified":"2022-08-29T19:43:10","modified_gmt":"2022-08-29T17:43:10","slug":"schulfoerderverein","status":"publish","type":"page","link":"http:\/\/test.pus-eck.de\/?page_id=252","title":{"rendered":"Schulf\u00f6rderverein"},"content":{"rendered":"\n<figure class=\"wp-block-image size-full\"><img decoding=\"async\" loading=\"lazy\" width=\"483\" height=\"355\" src=\"http:\/\/test.pus-eck.de\/wp-content\/uploads\/2022\/05\/shapeimage_1-19.png\" alt=\"\" class=\"wp-image-1319\" srcset=\"http:\/\/test.pus-eck.de\/wp-content\/uploads\/2022\/05\/shapeimage_1-19.png 483w, http:\/\/test.pus-eck.de\/wp-content\/uploads\/2022\/05\/shapeimage_1-19-300x220.png 300w\" sizes=\"(max-width: 483px) 100vw, 483px\" \/><\/figure>\n\n\n\n<p>Der Schulf\u00f6rderverein<\/p>\n\n\n\n<p>B\u00fccherkisten f\u00fcr die neuen f\u00fcnften Klassen, Material f\u00fcr die Modellbahn-AG, die Segel-AG oder die Fahrradwerkstatt \u2013 finanzielle Unterst\u00fctzung f\u00fcr Exkursionen, Schwimmtage, Lesungen, Fahrten zu Sportturnieren \u2013 Bezuschussung von Theaterprojekten oder Sch\u00fcleraustauschprogrammen \u2013 diese Liste lie\u00dfe sich noch fortsetzen, um zu zeigen, wie wichtig der Schulf\u00f6rderverein f\u00fcr zahlreiche Aktivit\u00e4ten unserer Schule ist. Die Unterst\u00fctzung ist vielf\u00e4ltig und breit gestreut und kommt vielen unterschiedlichen Interessen der Sch\u00fclerinnen und Sch\u00fcler entgegen. Auch die Pr\u00e4ventionsarbeit hat in den letzten Jahren von der Unterst\u00fctzung des Vereins profitiert: die Ausbildung von Streitschlichtern, Sch\u00fclerpaten oder die Einladung kompetenter externer Referenten w\u00e4re allein aus schulischen Mitteln nicht m\u00f6glich gewesen. Wichtig ist der Schulf\u00f6rderverein auch f\u00fcr das Gemeinschaftsleben zwischen Sch\u00fclerinnen und Sch\u00fclern, Eltern und Lehrkr\u00e4ften \u2013 umso mehr ist zu bedauern, dass gemeinsame Aktivit\u00e4ten coronabedingt in den letzten zwei Jahren kaum stattfinden konnten.<\/p>\n\n\n\n<p>Den Schulf\u00f6rderverein gibt es ebenso lange wie die Peter-Ustinov-Schule und \u00fcber die Jahre haben sich immer wieder Eltern und Lehrkr\u00e4fte gefunden, die durch ihr ehrenamtliches Engagement die Arbeit des Vereins tragen. Im November 2021 hat sich der Vorstand neu zusammengesetzt. Nach \u00fcber 16 Jahren hat Martina Reimann die Kassenf\u00fchrung an Axel Jacobsen \u00fcbergeben. Frau Reimann hat sich mit ihrem jahrelangen Einsatz einen gro\u00dfen Dank der Schulgemeinschaft verdient und wurde auf der letzten Mitgliederversammlung geb\u00fchrend verabschiedet. Alexandra Leeb-Paetsch ist seit 2019 erste Vorsitzende und wird aus der Elternschaft von Corinna Waller (2. Vorsitzende) und Julia Morlang (Beisitzerin) unterst\u00fctzt.<\/p>\n\n\n\n<p><br>Damit der Schulf\u00f6rderverein weiterhin \u201ewie selbstverst\u00e4ndlich\u201c erfolgreich arbeiten kann, ist er nach wie vor auf zahlreiche Mitglieder und ihre Vereinsbeitr\u00e4ge angewiesen. Der Verein freut sich \u00fcber jede Spende, auch von ehemaligen Sch\u00fclerinnen und Sch\u00fclern, die durch ihre Mitgliedschaft ihre Zugeh\u00f6rigkeit zeigen m\u00f6chten.<br>Zurzeit (aktueller Stand Dezember 2021) ist der Schulf\u00f6rderverein finanziell gut aufgestellt, auch wenn die Mitgliederzahlen zuletzt gesunken sind. Leider liegt dies auch daran, dass viele Aktionen in den letzten zwei Jahren nicht stattfinden konnten und somit Geld eingespart wurde. Es bleibt zu hoffen, dass 2022 wieder mehr Ausfl\u00fcge, sportliche Aktivit\u00e4ten und au\u00dferunterrichtliche Veranstaltungen das Schulleben bereichern k\u00f6nnen. Den neu gew\u00e4hlten Vereinsvorstand w\u00fcrde dies jedenfalls sehr freuen!<br>&nbsp;&nbsp;&nbsp;&nbsp;&nbsp;&nbsp;&nbsp;&nbsp;&nbsp;&nbsp;&nbsp;&nbsp;&nbsp;&nbsp;&nbsp;&nbsp;&nbsp;&nbsp;&nbsp;&nbsp;&nbsp;&nbsp;&nbsp;&nbsp;&nbsp;&nbsp;&nbsp;&nbsp;&nbsp;&nbsp;&nbsp;&nbsp;&nbsp;&nbsp;&nbsp;&nbsp;&nbsp;&nbsp;&nbsp;&nbsp;&nbsp;&nbsp;&nbsp;&nbsp;&nbsp;&nbsp;&nbsp;&nbsp;&nbsp;&nbsp;&nbsp;&nbsp;&nbsp;&nbsp;&nbsp;&nbsp;&nbsp;&nbsp;&nbsp;&nbsp;&nbsp;&nbsp;&nbsp;&nbsp;&nbsp;&nbsp;&nbsp;&nbsp;&nbsp;&nbsp;&nbsp;&nbsp;&nbsp;&nbsp;&nbsp;&nbsp;&nbsp;&nbsp;&nbsp;&nbsp;&nbsp;&nbsp;&nbsp;&nbsp;&nbsp;<\/p>\n\n\n\n<p>Nicola Lange (Schriftwartin)<\/p>\n\n\n\n<p><\/p>\n\n\n\n<div class=\"wp-block-file\"><object class=\"wp-block-file__embed\" data=\"http:\/\/test.pus-eck.de\/wp-content\/uploads\/2022\/08\/FlyerSchulfoerderverein2021-1.pdf\" type=\"application\/pdf\" style=\"width:100%;height:600px\" aria-label=\"Einbettung von Einbettung von FlyerSchulf\u00f6rderverein2021..\"><\/object><a id=\"wp-block-file--media-89486d3b-79e3-47d8-b3b4-acfbac437c61\" href=\"http:\/\/test.pus-eck.de\/wp-content\/uploads\/2022\/08\/FlyerSchulfoerderverein2021-1.pdf\">FlyerSchulf\u00f6rderverein2021<\/a><a href=\"http:\/\/test.pus-eck.de\/wp-content\/uploads\/2022\/08\/FlyerSchulfoerderverein2021-1.pdf\" class=\"wp-block-file__button\" download aria-describedby=\"wp-block-file--media-89486d3b-79e3-47d8-b3b4-acfbac437c61\">Herunterladen<\/a><\/div>\n\n\n\n<div style=\"height:100px\" aria-hidden=\"true\" class=\"wp-block-spacer\"><\/div>\n","protected":false},"excerpt":{"rendered":"<p>Der Schulf\u00f6rderverein B\u00fccherkisten f\u00fcr die neuen f\u00fcnften Klassen, Material f\u00fcr die Modellbahn-AG, die Segel-AG oder die Fahrradwerkstatt \u2013 finanzielle Unterst\u00fctzung f\u00fcr Exkursionen, Schwimmtage, Lesungen, Fahrten zu Sportturnieren \u2013 Bezuschussung von Theaterprojekten oder Sch\u00fcleraustauschprogrammen \u2013 diese Liste lie\u00dfe sich noch fortsetzen, um zu zeigen, wie wichtig der Schulf\u00f6rderverein f\u00fcr zahlreiche Aktivit\u00e4ten unserer Schule ist. Die Unterst\u00fctzung [&hellip;]<\/p>\n","protected":false},"author":1,"featured_media":0,"parent":0,"menu_order":0,"comment_status":"closed","ping_status":"closed","template":"","meta":[],"_links":{"self":[{"href":"http:\/\/test.pus-eck.de\/index.php?rest_route=\/wp\/v2\/pages\/252"}],"collection":[{"href":"http:\/\/test.pus-eck.de\/index.php?rest_route=\/wp\/v2\/pages"}],"about":[{"href":"http:\/\/test.pus-eck.de\/index.php?rest_route=\/wp\/v2\/types\/page"}],"author":[{"embeddable":true,"href":"http:\/\/test.pus-eck.de\/index.php?rest_route=\/wp\/v2\/users\/1"}],"replies":[{"embeddable":true,"href":"http:\/\/test.pus-eck.de\/index.php?rest_route=%2Fwp%2Fv2%2Fcomments&post=252"}],"version-history":[{"count":4,"href":"http:\/\/test.pus-eck.de\/index.php?rest_route=\/wp\/v2\/pages\/252\/revisions"}],"predecessor-version":[{"id":1438,"href":"http:\/\/test.pus-eck.de\/index.php?rest_route=\/wp\/v2\/pages\/252\/revisions\/1438"}],"wp:attachment":[{"href":"http:\/\/test.pus-eck.de\/index.php?rest_route=%2Fwp%2Fv2%2Fmedia&parent=252"}],"curies":[{"name":"wp","href":"https:\/\/api.w.org\/{rel}","templated":true}]}}