{"id":251,"date":"2020-10-16T10:51:22","date_gmt":"2020-10-16T08:51:22","guid":{"rendered":"http:\/\/test.pus-eck.de\/?page_id=251"},"modified":"2023-01-31T09:31:34","modified_gmt":"2023-01-31T08:31:34","slug":"beratungsangebote","status":"publish","type":"page","link":"http:\/\/test.pus-eck.de\/?page_id=251","title":{"rendered":"Beratungsangebote"},"content":{"rendered":"\n<p>Zeit:reich, der Beratungsraum (306) ist Anlaufstelle f\u00fcr Sch\u00fclerInnen Eltern und das Kollegium der PUS.<\/p>\n\n\n\n<p><a href=\"http:\/\/pus-eck.de\/Beratungszentrum_files\/Profil%20Beratungszentrum%20der%20PUS%2019.pdf\">Hier<\/a> findest du detailierte Informationen zur Arbeitsweise der BeratungslehrerInnen.<\/p>\n\n\n\n<p>F\u00fcr weitere Informationen bitte auf die Bilder klicken.<\/p>\n\n\n\n<div style=\"height:100px\" aria-hidden=\"true\" class=\"wp-block-spacer\"><\/div>\n\n\n\n<div class=\"is-layout-flex wp-container-2 wp-block-columns are-vertically-aligned-center\">\n<div class=\"is-layout-flow wp-block-column is-vertically-aligned-center\" style=\"flex-basis:100%\">\n<figure class=\"wp-block-embed is-type-video is-provider-youtube wp-block-embed-youtube wp-embed-aspect-16-9 wp-has-aspect-ratio\"><div class=\"wp-block-embed__wrapper\">\n<iframe loading=\"lazy\" title=\"Zeit-reich\" width=\"500\" height=\"281\" src=\"https:\/\/www.youtube.com\/embed\/aafjNzK7JfY?feature=oembed\" frameborder=\"0\" allow=\"accelerometer; autoplay; clipboard-write; encrypted-media; gyroscope; picture-in-picture; web-share\" allowfullscreen><\/iframe>\n<\/div><\/figure>\n<\/div>\n<\/div>\n\n\n\n<div style=\"height:100px\" aria-hidden=\"true\" class=\"wp-block-spacer\"><\/div>\n\n\n\n<div class=\"wp-block-media-text alignwide is-stacked-on-mobile\" style=\"grid-template-columns:15% auto\"><figure class=\"wp-block-media-text__media\"><img decoding=\"async\" loading=\"lazy\" width=\"158\" height=\"201\" src=\"http:\/\/test.pus-eck.de\/wp-content\/uploads\/2021\/10\/Bildschirmfoto-2017-12-17-um-12.12.48.jpg\" alt=\"\" class=\"wp-image-709 size-full\"\/><\/figure><div class=\"wp-block-media-text__content\">\n<hr class=\"wp-block-separator has-css-opacity\"\/>\n\n\n\n<p><strong>Beratungslehrerinnen<\/strong><\/p>\n\n\n\n<p>Daniela Russek<\/p>\n\n\n\n<p>Maren Burau<\/p>\n\n\n\n<p>Kirsten Vorbach<\/p>\n\n\n\n<p>Im Raum Zeit:reich<\/p>\n<\/div><\/div>\n\n\n\n<div class=\"wp-block-media-text alignwide is-stacked-on-mobile\" style=\"grid-template-columns:15% auto\"><figure class=\"wp-block-media-text__media\"><img decoding=\"async\" loading=\"lazy\" width=\"157\" height=\"204\" src=\"http:\/\/test.pus-eck.de\/wp-content\/uploads\/2021\/10\/shapeimage_3.jpg\" alt=\"\" class=\"wp-image-710 size-full\"\/><\/figure><div class=\"wp-block-media-text__content\">\n<hr class=\"wp-block-separator has-css-opacity\"\/>\n\n\n\n<p><strong>Schulsozialarbeit<\/strong><\/p>\n\n\n\n<p>Daniel Frank<\/p>\n\n\n\n<p>Sprechzeiten:<\/p>\n\n\n\n<p>nach Absprache<\/p>\n\n\n\n<p>Raum 208<\/p>\n<\/div><\/div>\n\n\n\n<div class=\"wp-block-media-text alignwide is-stacked-on-mobile\" style=\"grid-template-columns:15% auto\"><figure class=\"wp-block-media-text__media\"><img decoding=\"async\" loading=\"lazy\" width=\"160\" height=\"204\" src=\"http:\/\/test.pus-eck.de\/wp-content\/uploads\/2021\/10\/Bildschirmfoto-2017-12-17-um-12.06.26.jpg\" alt=\"\" class=\"wp-image-711 size-full\"\/><\/figure><div class=\"wp-block-media-text__content\">\n<hr class=\"wp-block-separator has-css-opacity\"\/>\n\n\n\n<p><strong>Berufsberatung<\/strong><\/p>\n\n\n\n<p>Thomas Madzar<\/p>\n\n\n\n<p>und Gerrit G\u00f6rissen<\/p>\n\n\n\n<p>Sprechzeiten:<\/p>\n\n\n\n<p>nach Absprache<\/p>\n<\/div><\/div>\n\n\n\n<div class=\"wp-block-media-text alignwide is-stacked-on-mobile\" style=\"grid-template-columns:15% auto\"><figure class=\"wp-block-media-text__media\"><img decoding=\"async\" loading=\"lazy\" width=\"158\" height=\"206\" src=\"http:\/\/test.pus-eck.de\/wp-content\/uploads\/2021\/10\/Bildschirmfoto-2014-11-11-um-11.57.29.jpg\" alt=\"\" class=\"wp-image-712 size-full\"\/><\/figure><div class=\"wp-block-media-text__content\">\n<hr class=\"wp-block-separator has-css-opacity\"\/>\n\n\n\n<p><strong>Beratungslehrkr\u00e4fte f\u00fcr Begabtenf\u00f6rderung<\/strong><\/p>\n\n\n\n<p>Michael Baum<\/p>\n\n\n\n<p>Sprechzeiten:<\/p>\n\n\n\n<p>nach Absprache<\/p>\n<\/div><\/div>\n\n\n\n<div class=\"wp-block-media-text alignwide is-stacked-on-mobile\" style=\"grid-template-columns:15% auto\"><figure class=\"wp-block-media-text__media\"><img decoding=\"async\" loading=\"lazy\" width=\"156\" height=\"201\" src=\"http:\/\/test.pus-eck.de\/wp-content\/uploads\/2021\/10\/shapeimage_5.jpg\" alt=\"\" class=\"wp-image-713 size-full\"\/><\/figure><div class=\"wp-block-media-text__content\">\n<hr class=\"wp-block-separator has-css-opacity\"\/>\n\n\n\n<p><strong>Streitschlichter\/ interkulturelle Lotsen<\/strong><\/p>\n\n\n\n<p>Sch\u00fclerinnen und Sch\u00fcler des<\/p>\n\n\n\n<p>10. &#8211; 12. Jahrgangs<\/p>\n\n\n\n<p>Sprechzeiten:<\/p>\n\n\n\n<p>nach Absprache oder Nachricht im Sekretariat<\/p>\n<\/div><\/div>\n\n\n\n<hr class=\"wp-block-separator has-css-opacity\"\/>\n\n\n\n<div class=\"wp-block-media-text alignwide is-stacked-on-mobile\" style=\"grid-template-columns:22% auto\"><figure class=\"wp-block-media-text__media\"><a href=\"http:\/\/test.pus-eck.de\/?page_id=1571\"><img decoding=\"async\" loading=\"lazy\" width=\"297\" height=\"186\" src=\"http:\/\/test.pus-eck.de\/wp-content\/uploads\/2021\/10\/L1010596-geandert.jpg\" alt=\"\" class=\"wp-image-714 size-full\" srcset=\"http:\/\/test.pus-eck.de\/wp-content\/uploads\/2021\/10\/L1010596-geandert.jpg 297w, http:\/\/test.pus-eck.de\/wp-content\/uploads\/2021\/10\/L1010596-geandert-230x144.jpg 230w\" sizes=\"(max-width: 297px) 100vw, 297px\" \/><\/a><\/figure><div class=\"wp-block-media-text__content\">\n<p><strong>Seniorpartner in School (SiS)<\/strong><\/p>\n\n\n\n<p>Sigrid Kreye, Rainer Kreye, Rudolf Heyers, Gerhild Lassen-Pradella<\/p>\n\n\n\n<p>Sprechzeiten:<\/p>\n\n\n\n<p>montags und donnerstags, von 7.50 &#8211; 12.30 Uhr<\/p>\n\n\n\n<p>Raum 47<\/p>\n\n\n\n<p>( in den Pausen und auch w\u00e4hrend der Stunde bei Bedarf ( mit Zustimmung der Lehrkr\u00e4fte )<\/p>\n\n\n\n<p>Email: <a href=\"mailto:sis@pus-eck.org\">sis@pus-eck.org<\/a><\/p>\n<\/div><\/div>\n","protected":false},"excerpt":{"rendered":"<p>Zeit:reich, der Beratungsraum (306) ist Anlaufstelle f\u00fcr Sch\u00fclerInnen Eltern und das Kollegium der PUS. Hier findest du detailierte Informationen zur Arbeitsweise der BeratungslehrerInnen. F\u00fcr weitere Informationen bitte auf die Bilder klicken. Seniorpartner in School (SiS) Sigrid Kreye, Rainer Kreye, Rudolf Heyers, Gerhild Lassen-Pradella Sprechzeiten: montags und donnerstags, von 7.50 &#8211; 12.30 Uhr Raum 47 ( [&hellip;]<\/p>\n","protected":false},"author":1,"featured_media":0,"parent":0,"menu_order":0,"comment_status":"closed","ping_status":"closed","template":"","meta":[],"_links":{"self":[{"href":"http:\/\/test.pus-eck.de\/index.php?rest_route=\/wp\/v2\/pages\/251"}],"collection":[{"href":"http:\/\/test.pus-eck.de\/index.php?rest_route=\/wp\/v2\/pages"}],"about":[{"href":"http:\/\/test.pus-eck.de\/index.php?rest_route=\/wp\/v2\/types\/page"}],"author":[{"embeddable":true,"href":"http:\/\/test.pus-eck.de\/index.php?rest_route=\/wp\/v2\/users\/1"}],"replies":[{"embeddable":true,"href":"http:\/\/test.pus-eck.de\/index.php?rest_route=%2Fwp%2Fv2%2Fcomments&post=251"}],"version-history":[{"count":13,"href":"http:\/\/test.pus-eck.de\/index.php?rest_route=\/wp\/v2\/pages\/251\/revisions"}],"predecessor-version":[{"id":2125,"href":"http:\/\/test.pus-eck.de\/index.php?rest_route=\/wp\/v2\/pages\/251\/revisions\/2125"}],"wp:attachment":[{"href":"http:\/\/test.pus-eck.de\/index.php?rest_route=%2Fwp%2Fv2%2Fmedia&parent=251"}],"curies":[{"name":"wp","href":"https:\/\/api.w.org\/{rel}","templated":true}]}}