{"id":250,"date":"2020-10-16T10:51:22","date_gmt":"2020-10-16T08:51:22","guid":{"rendered":"http:\/\/test.pus-eck.de\/?page_id=250"},"modified":"2021-08-09T18:21:29","modified_gmt":"2021-08-09T16:21:29","slug":"schulsozialarbeit","status":"publish","type":"page","link":"http:\/\/test.pus-eck.de\/?page_id=250","title":{"rendered":"Schulsozialarbeit"},"content":{"rendered":"\n<figure class=\"wp-block-table aligncenter is-style-regular\"><table class=\"has-subtle-pale-green-background-color has-background\"><tbody><tr><td><strong>Daniel Frank (Dipl. Sozialp\u00e4dagoge)<\/strong><\/td><td><strong>Kathleen Keuchel (Dipl. P\u00e4dagogin)<\/strong><\/td><\/tr><tr><td><img decoding=\"async\" loading=\"lazy\" width=\"281\" height=\"210\" class=\"wp-image-502\" style=\"width: 250px;\" src=\"http:\/\/test.pus-eck.de\/wp-content\/uploads\/2021\/08\/Daniel20Frank.jpg\" alt=\"\" srcset=\"http:\/\/test.pus-eck.de\/wp-content\/uploads\/2021\/08\/Daniel20Frank.jpg 281w, http:\/\/test.pus-eck.de\/wp-content\/uploads\/2021\/08\/Daniel20Frank-230x172.jpg 230w\" sizes=\"(max-width: 281px) 100vw, 281px\" \/><br>Schulsozialarbeit am Schulzentrum S\u00fcd<br><br>Sauerstra\u00df 16<br>24340 Eckernf\u00f6rde<br><br>Raum: 150<br><br>Telefon: 0176 &#8211; 13710250<br><br>Festnetz: 04351-732532<br><br>Email: <a href=\"mailto:daniel.frank@stadt-eckernfoerde.de\">daniel.frank@stadt-eckernfoerde.de<\/a><br><br>oder <a href=\"mailto:daniel.frank@pus-eck.org?subject=\">daniel.frank@pus-eck.org<\/a><\/td><td><img decoding=\"async\" loading=\"lazy\" width=\"280\" height=\"210\" class=\"wp-image-503\" style=\"width: 250px;\" src=\"http:\/\/test.pus-eck.de\/wp-content\/uploads\/2021\/08\/Kathleen20Keuchel.jpg\" alt=\"\" srcset=\"http:\/\/test.pus-eck.de\/wp-content\/uploads\/2021\/08\/Kathleen20Keuchel.jpg 280w, http:\/\/test.pus-eck.de\/wp-content\/uploads\/2021\/08\/Kathleen20Keuchel-230x173.jpg 230w\" sizes=\"(max-width: 280px) 100vw, 280px\" \/><br>Schulsozialarbeit am Schulzentrum S\u00fcd<br><br>Sauerstra\u00df 16<br>24340 Eckernf\u00f6rde<br><br>Raum: 150<br><br>Telefon: 0176 &#8211; 43325300<br><br>Festnetz: 04351-732532<br><br>Email: <a href=\"mailto:kathleen.keuchel@stadt-eckernfoerde.de?subject=\">kathleen.keuchel@stadt-eckernfoerde.de<\/a><br><br>oder <a href=\"mailto:kathleen.keuchel@pus-eck.org?subject=\">kathleen.keuchel@pus-eck.org<\/a><\/td><\/tr><\/tbody><\/table><\/figure>\n\n\n\n<div style=\"height:100px\" aria-hidden=\"true\" class=\"wp-block-spacer\"><\/div>\n\n\n\n<h3>T\u00e4tigkeitsbeschreibung<\/h3>\n\n\n\n<p><\/p>\n\n\n\n<p>\u2022&nbsp; Beratung f\u00fcr Sch\u00fcler\/-innen, Eltern und Lehrer\/-innen bei schulischen Fragen und Problemsituationen<\/p>\n\n\n\n<p>\u2022&nbsp; Hilfe bei pers\u00f6nlichen Sorgen der Sch\u00fcler\/-innen<\/p>\n\n\n\n<p>\u2022&nbsp; Unterst\u00fctzung der Eltern bei Erziehungsfragen<\/p>\n\n\n\n<p>\u2022&nbsp; Vermittlung bei Konflikten\u2022 Umsetzung von Projekten und Durchf\u00fchrung von AG`s<\/p>\n\n\n\n<p>\u2022 Durchf\u00fchrung von Klassentrainings<\/p>\n\n\n\n<p>\u2022 Pr\u00e4vention&nbsp;<\/p>\n\n\n\n<p>\u2022&nbsp; Unterst\u00fctzung von Sch\u00fclern\/-innen beim \u00dcbergang in die Ausbildung\u2022 Hilfen bei der Kontaktaufnahme zu au\u00dferschulischen Institutionen (z.B. Beratungsstellen)<\/p>\n\n\n\n<p>\u2022 Zusammenarbeit mit dem schulischen Beratungsteam<\/p>\n","protected":false},"excerpt":{"rendered":"<p>Daniel Frank (Dipl. Sozialp\u00e4dagoge) Kathleen Keuchel (Dipl. P\u00e4dagogin) Schulsozialarbeit am Schulzentrum S\u00fcd Sauerstra\u00df 1624340 Eckernf\u00f6rde Raum: 150 Telefon: 0176 &#8211; 13710250 Festnetz: 04351-732532 Email: daniel.frank@stadt-eckernfoerde.de oder daniel.frank@pus-eck.org Schulsozialarbeit am Schulzentrum S\u00fcd Sauerstra\u00df 1624340 Eckernf\u00f6rde Raum: 150 Telefon: 0176 &#8211; 43325300 Festnetz: 04351-732532 Email: kathleen.keuchel@stadt-eckernfoerde.de oder kathleen.keuchel@pus-eck.org T\u00e4tigkeitsbeschreibung \u2022&nbsp; Beratung f\u00fcr Sch\u00fcler\/-innen, Eltern und Lehrer\/-innen bei [&hellip;]<\/p>\n","protected":false},"author":1,"featured_media":0,"parent":0,"menu_order":0,"comment_status":"closed","ping_status":"closed","template":"","meta":[],"_links":{"self":[{"href":"http:\/\/test.pus-eck.de\/index.php?rest_route=\/wp\/v2\/pages\/250"}],"collection":[{"href":"http:\/\/test.pus-eck.de\/index.php?rest_route=\/wp\/v2\/pages"}],"about":[{"href":"http:\/\/test.pus-eck.de\/index.php?rest_route=\/wp\/v2\/types\/page"}],"author":[{"embeddable":true,"href":"http:\/\/test.pus-eck.de\/index.php?rest_route=\/wp\/v2\/users\/1"}],"replies":[{"embeddable":true,"href":"http:\/\/test.pus-eck.de\/index.php?rest_route=%2Fwp%2Fv2%2Fcomments&post=250"}],"version-history":[{"count":7,"href":"http:\/\/test.pus-eck.de\/index.php?rest_route=\/wp\/v2\/pages\/250\/revisions"}],"predecessor-version":[{"id":509,"href":"http:\/\/test.pus-eck.de\/index.php?rest_route=\/wp\/v2\/pages\/250\/revisions\/509"}],"wp:attachment":[{"href":"http:\/\/test.pus-eck.de\/index.php?rest_route=%2Fwp%2Fv2%2Fmedia&parent=250"}],"curies":[{"name":"wp","href":"https:\/\/api.w.org\/{rel}","templated":true}]}}