{"id":1601,"date":"2022-09-16T15:40:10","date_gmt":"2022-09-16T13:40:10","guid":{"rendered":"http:\/\/test.pus-eck.de\/?page_id=1601"},"modified":"2022-09-16T15:40:10","modified_gmt":"2022-09-16T13:40:10","slug":"praeventionskonzept","status":"publish","type":"page","link":"http:\/\/test.pus-eck.de\/?page_id=1601","title":{"rendered":"Pr\u00e4ventionskonzept"},"content":{"rendered":"\n<p>Vorlage Schulkonferenz 2018<\/p>\n\n\n\n<p>Pr\u00e4vention ist eine schulische Aufgabe mit allen an Schule beteiligten Akteuren und lebt von der Teamarbeit mit innerschulischen und au\u00dferschulischen Kooperationspartnern.<\/p>\n\n\n\n<p>Gesunde Schule braucht Pr\u00e4vention und somit den Blick sowohl auf die Sch\u00fclerinnen und Sch\u00fcler als auch auf das Personal einer Schule.<\/p>\n\n\n\n<p>Gesundheitsf\u00f6rderung und Pr\u00e4vention sind integrale Bestandteile von Schulentwicklung. Sie stellen keine Zusatzaufgaben der Schulen dar, sondern geh\u00f6ren zum Kern eines jeden Schulentwicklungsprozesses.<\/p>\n\n\n\n<p>Die Qualit\u00e4t von Schule wird wesentlich von Schulklima und Lernkultur bestimmt. Respekt und Wertsch\u00e4tzung, Beteiligung und Verantwortung sind pr\u00e4gende Elemente einer gesundheitsf\u00f6rderlichen Schulkultur. Ganztagsschulen er\u00f6ffnen zus\u00e4tzliche Handlungsr\u00e4ume, Themen und Projekte aus dem Bereich der Gesundheit aufzugreifen.<\/p>\n\n\n\n<p><strong>Pr\u00e4vention gelingt<\/strong><\/p>\n\n\n\n<ol><li>mit qualifiziertem Personal<\/li><li>in Zusammenarbeit mit verschiedenen Professionen<\/li><li>mit einem strukturell verankerten Konzept<\/li><li>in gemeinsamer Verantwortung<\/li><\/ol>\n\n\n\n<p><strong>Pr\u00e4vention st\u00e4rkt<\/strong><\/p>\n\n\n\n<ol><li>Kinder und Jugendliche<\/li><li>die Gesundheit des Personals<\/li><\/ol>\n\n\n\n<p>Themen und Konzepte von Pr\u00e4vention unterscheiden sich je nach Zielgruppe und Alter der Kinder und Jugendlichen. Auch geschlechts- und milieuspezifische Lebenswelten m\u00fcssen ber\u00fccksichtigt werden. Die inner- und au\u00dferschulische Kooperation und Vernetzung ist auf allen Ebenen von Bedeutung und notwendig. Umfassende Pr\u00e4vention in der Schule ber\u00fccksichtigt verschiedene Aspekte und Ebenen:<\/p>\n\n\n\n<figure class=\"wp-block-image size-full\"><img decoding=\"async\" loading=\"lazy\" width=\"800\" height=\"450\" src=\"http:\/\/test.pus-eck.de\/wp-content\/uploads\/2022\/09\/praevention.jpg\" alt=\"\" class=\"wp-image-1602\" srcset=\"http:\/\/test.pus-eck.de\/wp-content\/uploads\/2022\/09\/praevention.jpg 800w, http:\/\/test.pus-eck.de\/wp-content\/uploads\/2022\/09\/praevention-300x169.jpg 300w, http:\/\/test.pus-eck.de\/wp-content\/uploads\/2022\/09\/praevention-768x432.jpg 768w\" sizes=\"(max-width: 800px) 100vw, 800px\" \/><\/figure>\n\n\n\n<figure class=\"wp-block-image size-full\"><img decoding=\"async\" loading=\"lazy\" width=\"800\" height=\"450\" src=\"http:\/\/test.pus-eck.de\/wp-content\/uploads\/2022\/09\/pr2.jpg\" alt=\"\" class=\"wp-image-1603\" srcset=\"http:\/\/test.pus-eck.de\/wp-content\/uploads\/2022\/09\/pr2.jpg 800w, http:\/\/test.pus-eck.de\/wp-content\/uploads\/2022\/09\/pr2-300x169.jpg 300w, http:\/\/test.pus-eck.de\/wp-content\/uploads\/2022\/09\/pr2-768x432.jpg 768w\" sizes=\"(max-width: 800px) 100vw, 800px\" \/><\/figure>\n\n\n\n<figure class=\"wp-block-image size-full\"><img decoding=\"async\" loading=\"lazy\" width=\"800\" height=\"450\" src=\"http:\/\/test.pus-eck.de\/wp-content\/uploads\/2022\/09\/pr3.jpg\" alt=\"\" class=\"wp-image-1604\" srcset=\"http:\/\/test.pus-eck.de\/wp-content\/uploads\/2022\/09\/pr3.jpg 800w, http:\/\/test.pus-eck.de\/wp-content\/uploads\/2022\/09\/pr3-300x169.jpg 300w, http:\/\/test.pus-eck.de\/wp-content\/uploads\/2022\/09\/pr3-768x432.jpg 768w\" sizes=\"(max-width: 800px) 100vw, 800px\" \/><\/figure>\n\n\n\n<figure class=\"wp-block-image size-full\"><img decoding=\"async\" loading=\"lazy\" width=\"800\" height=\"450\" src=\"http:\/\/test.pus-eck.de\/wp-content\/uploads\/2022\/09\/pr4.jpg\" alt=\"\" class=\"wp-image-1605\" srcset=\"http:\/\/test.pus-eck.de\/wp-content\/uploads\/2022\/09\/pr4.jpg 800w, http:\/\/test.pus-eck.de\/wp-content\/uploads\/2022\/09\/pr4-300x169.jpg 300w, http:\/\/test.pus-eck.de\/wp-content\/uploads\/2022\/09\/pr4-768x432.jpg 768w\" sizes=\"(max-width: 800px) 100vw, 800px\" \/><\/figure>\n\n\n\n<figure class=\"wp-block-image size-full\"><img decoding=\"async\" loading=\"lazy\" width=\"800\" height=\"450\" src=\"http:\/\/test.pus-eck.de\/wp-content\/uploads\/2022\/09\/pr5.jpg\" alt=\"\" class=\"wp-image-1606\" srcset=\"http:\/\/test.pus-eck.de\/wp-content\/uploads\/2022\/09\/pr5.jpg 800w, http:\/\/test.pus-eck.de\/wp-content\/uploads\/2022\/09\/pr5-300x169.jpg 300w, http:\/\/test.pus-eck.de\/wp-content\/uploads\/2022\/09\/pr5-768x432.jpg 768w\" sizes=\"(max-width: 800px) 100vw, 800px\" \/><\/figure>\n","protected":false},"excerpt":{"rendered":"<p>Vorlage Schulkonferenz 2018 Pr\u00e4vention ist eine schulische Aufgabe mit allen an Schule beteiligten Akteuren und lebt von der Teamarbeit mit innerschulischen und au\u00dferschulischen Kooperationspartnern. Gesunde Schule braucht Pr\u00e4vention und somit den Blick sowohl auf die Sch\u00fclerinnen und Sch\u00fcler als auch auf das Personal einer Schule. Gesundheitsf\u00f6rderung und Pr\u00e4vention sind integrale Bestandteile von Schulentwicklung. Sie stellen [&hellip;]<\/p>\n","protected":false},"author":1,"featured_media":0,"parent":0,"menu_order":0,"comment_status":"closed","ping_status":"closed","template":"","meta":[],"_links":{"self":[{"href":"http:\/\/test.pus-eck.de\/index.php?rest_route=\/wp\/v2\/pages\/1601"}],"collection":[{"href":"http:\/\/test.pus-eck.de\/index.php?rest_route=\/wp\/v2\/pages"}],"about":[{"href":"http:\/\/test.pus-eck.de\/index.php?rest_route=\/wp\/v2\/types\/page"}],"author":[{"embeddable":true,"href":"http:\/\/test.pus-eck.de\/index.php?rest_route=\/wp\/v2\/users\/1"}],"replies":[{"embeddable":true,"href":"http:\/\/test.pus-eck.de\/index.php?rest_route=%2Fwp%2Fv2%2Fcomments&post=1601"}],"version-history":[{"count":1,"href":"http:\/\/test.pus-eck.de\/index.php?rest_route=\/wp\/v2\/pages\/1601\/revisions"}],"predecessor-version":[{"id":1607,"href":"http:\/\/test.pus-eck.de\/index.php?rest_route=\/wp\/v2\/pages\/1601\/revisions\/1607"}],"wp:attachment":[{"href":"http:\/\/test.pus-eck.de\/index.php?rest_route=%2Fwp%2Fv2%2Fmedia&parent=1601"}],"curies":[{"name":"wp","href":"https:\/\/api.w.org\/{rel}","templated":true}]}}