{"id":1520,"date":"2022-09-15T17:14:37","date_gmt":"2022-09-15T15:14:37","guid":{"rendered":"http:\/\/test.pus-eck.de\/?page_id=1520"},"modified":"2023-01-13T19:13:22","modified_gmt":"2023-01-13T18:13:22","slug":"profiloberstufe","status":"publish","type":"page","link":"http:\/\/test.pus-eck.de\/?page_id=1520","title":{"rendered":"Profiloberstufe"},"content":{"rendered":"\n<p>Die Oberstufenverordnung des Landes Schleswig-Holstein hat sich zum Schuljahr 2021\/2022 ver\u00e4ndert. Wir haben viele Elemente unserer Oberstufenarbeit aus den vergangenen 10 Jahren \u00fcbernehmen k\u00f6nnen und einige notwendige Ver\u00e4nderungen konzipiert.<br>Die wichtigsten Punkte unserer aktuellen und zuk\u00fcnftigen Arbeit finden Sie in der unten stehenden Pr\u00e4sentation als pdf-Datei und als kommentierte Pr\u00e4sentation im Film.<\/p>\n\n\n\n<p><strong>Eine Informationsveranstaltung f\u00fcr Sch\u00fclerinnen und Sch\u00fcler wird am 9. Februar 2023 von 14:00 bis 15:00 Uhr in der Aula des Schulzentrums stattfinden.<\/strong><\/p>\n\n\n\n<p><br>Wir laden Sie auch ein, sich \u00fcber diese Homepage zu informieren und sich bei Fragen an die Oberstufenleiterin Nicola Lange direkt zu wenden. Dies gilt sowohl f\u00fcr die Sch\u00fclerinnen und Sch\u00fcler der Peter-Ustinov-Schule als auch f\u00fcr externe Interessierte.<\/p>\n\n\n\n<figure class=\"wp-block-embed aligncenter is-type-video is-provider-vimeo wp-block-embed-vimeo wp-embed-aspect-16-9 wp-has-aspect-ratio\"><div class=\"wp-block-embed__wrapper\">\n<iframe loading=\"lazy\" title=\"Oberstufe ab 2021\/22\" src=\"https:\/\/player.vimeo.com\/video\/490844290?h=08b7736b87&amp;dnt=1&amp;app_id=122963\" width=\"500\" height=\"281\" frameborder=\"0\" allow=\"autoplay; fullscreen; picture-in-picture\" allowfullscreen><\/iframe>\n<\/div><\/figure>\n\n\n\n<p><\/p>\n\n\n\n<p>Den Pr\u00e4sentationen ist zu entnehmen, dass wir zuk\u00fcnftig folgende Profile in der Oberstufe anbieten werden:<\/p>\n\n\n\n<p><br><strong>1. MINT-Profil mit dem Profilfach Biologie<br>2. Gesellschaftswissenschaftliches Profil mit den m\u00f6glichen Profilf\u00e4chern Geschichte und Geographie<br>3. \u00c4sthetisches Profil mit den m\u00f6glichen Profilf\u00e4chern Kunst und Musik<br>4. Sprachliches Profil mit dem Profilfach Englisch<br>5. Sportliches Profil<\/strong><\/p>\n\n\n\n<p><br>Die Profile werden je nach Anmeldezahlen eingerichtet.<\/p>\n\n\n\n<p>Zugangsbedingungen<\/p>\n\n\n\n<p>Sch\u00fclerinnen und Sch\u00fcler der werden am Ende der 10. Klasse in die Oberstufe versetzt,<\/p>\n\n\n\n<p>a.) wenn die Leistungen im Mittleren Schulabschluss (auf der Anforderungsebene zum Erwerb des MSA, also \u201eR-Noten\u201c) in nicht mehr als einem Fach schlechter als befriedigend sind und kein Fach mit mangelhaft oder ungen\u00fcgend bewertet wurde*<\/p>\n\n\n\n<p>b.) wenn die Leistungen im Ganzjahreszeugnis (auf der Anforderungsebene zum Erwerb der allgemeinen Hochschulreife, also \u201e\u00dc-Noten\u201c) in nicht mehr als einem Fach schlechter als ausreichend sind und kein Fach mit ungen\u00fcgend bewertet wurde.**<\/p>\n\n\n\n<p>Auch wenn die Bedingungen nicht erf\u00fcllt sind, kann die Klassenkonferenz auf Antrag in beiden F\u00e4llen die Versetzung beschlie\u00dfen, wenn sie zu der Auffassung gelangt, dass die Sch\u00fclerin oder der Sch\u00fcler in der Oberstufe erfolgreich mitarbeiten kann.<\/p>\n\n\n\n<p>*Dar\u00fcber hinaus gilt jeweils innerhalb der F\u00e4chergruppe Deutsch, Mathematik und Englisch, dass im Abschluss, bezogen auf die Anforderungsebene zum Erwerb des Mittleren Schulabschlusses, ein mit ausreichend benotetes Fach auszugleichen ist, um einen Notendurchschnitt dieser F\u00e4cher von mindestens 3,0 zu gew\u00e4hrleisten.<\/p>\n\n\n\n<p>**Dar\u00fcber hinaus gilt jeweils innerhalb der F\u00e4chergruppe Deutsch, Mathematik und Englisch, dass im Ganzjahreszeugnis der Jahrgangsstufe 10, bezogen auf die Anforderungsebene zum Erwerb der allgemeinen Hochschulreife, ein mit mangelhaft benotetes Fach auszugleichen ist, um einen Notendurchschnitt von mindestens 4,0 zu gew\u00e4hrleisten<\/p>\n\n\n\n<p><strong>F\u00fcr die Sch\u00fclerinnen und Sch\u00fcler anderer Schulen gelten grunds\u00e4tzlich die gleichen Bedingungen.<br>Von ihnen erbitten wir die Bewerbungen bis zum 24.02.2023 mit folgenden Unterlagen:<\/strong><\/p>\n\n\n\n<ol>\n<li>ein kurzes Anschreiben mit den wichtigsten pers\u00f6nlichen Daten<\/li>\n\n\n\n<li>den ausgef\u00fcllten Wahlbogen (Download s.u.)<\/li>\n\n\n\n<li>eine Kopie des Halbjahreszeugnisses vom 27.01.2023<\/li>\n<\/ol>\n\n\n\n<p>Bitte senden Sie die Bewerbung an die folgende Adresse:<\/p>\n\n\n\n<p>Peter-Ustinov-Schule<br>z. H. Frau Lange<br>Sauerstr. 16<br>24340 Eckernf\u00f6rde<\/p>\n\n\n\n<p>F\u00fcr pers\u00f6nliche Gespr\u00e4che steht Frau Lange nach telefonischer Absprache &#8211; 04351\/7325-21 (direkt), 7325-0 (Sekretariat) oder per e-mail: <a href=\"mailto:nicola.lange@pus-eck.org?subject=\">nicola.lange@pus-eck.org<\/a> zur Verf\u00fcgung.<\/p>\n\n\n\n<p>Download Wahlbogen:<\/p>\n\n\n\n<p><\/p>\n\n\n\n<div class=\"wp-block-file\"><object class=\"wp-block-file__embed\" data=\"http:\/\/test.pus-eck.de\/wp-content\/uploads\/2022\/09\/Wahlbogen-fuer-die-Profiloberstufe-an-der-PUS-ohne-Musik.pdf\" type=\"application\/pdf\" style=\"width:100%;height:600px\" aria-label=\"Einbettung von Wahlbogen-fuer-die-Profiloberstufe-an-der-PUS-ohne-Musik.\"><\/object><a id=\"wp-block-file--media-2dc85c4d-a910-42b6-8b22-93bb9747179c\" href=\"http:\/\/test.pus-eck.de\/wp-content\/uploads\/2022\/09\/Wahlbogen-fuer-die-Profiloberstufe-an-der-PUS-ohne-Musik.pdf\">Wahlbogen-fuer-die-Profiloberstufe-an-der-PUS-ohne-Musik<\/a><a href=\"http:\/\/test.pus-eck.de\/wp-content\/uploads\/2022\/09\/Wahlbogen-fuer-die-Profiloberstufe-an-der-PUS-ohne-Musik.pdf\" class=\"wp-block-file__button wp-element-button\" download aria-describedby=\"wp-block-file--media-2dc85c4d-a910-42b6-8b22-93bb9747179c\">Herunterladen<\/a><\/div>\n","protected":false},"excerpt":{"rendered":"<p>Die Oberstufenverordnung des Landes Schleswig-Holstein hat sich zum Schuljahr 2021\/2022 ver\u00e4ndert. Wir haben viele Elemente unserer Oberstufenarbeit aus den vergangenen 10 Jahren \u00fcbernehmen k\u00f6nnen und einige notwendige Ver\u00e4nderungen konzipiert.Die wichtigsten Punkte unserer aktuellen und zuk\u00fcnftigen Arbeit finden Sie in der unten stehenden Pr\u00e4sentation als pdf-Datei und als kommentierte Pr\u00e4sentation im Film. Eine Informationsveranstaltung f\u00fcr Sch\u00fclerinnen [&hellip;]<\/p>\n","protected":false},"author":1,"featured_media":0,"parent":0,"menu_order":0,"comment_status":"closed","ping_status":"closed","template":"","meta":[],"_links":{"self":[{"href":"http:\/\/test.pus-eck.de\/index.php?rest_route=\/wp\/v2\/pages\/1520"}],"collection":[{"href":"http:\/\/test.pus-eck.de\/index.php?rest_route=\/wp\/v2\/pages"}],"about":[{"href":"http:\/\/test.pus-eck.de\/index.php?rest_route=\/wp\/v2\/types\/page"}],"author":[{"embeddable":true,"href":"http:\/\/test.pus-eck.de\/index.php?rest_route=\/wp\/v2\/users\/1"}],"replies":[{"embeddable":true,"href":"http:\/\/test.pus-eck.de\/index.php?rest_route=%2Fwp%2Fv2%2Fcomments&post=1520"}],"version-history":[{"count":5,"href":"http:\/\/test.pus-eck.de\/index.php?rest_route=\/wp\/v2\/pages\/1520\/revisions"}],"predecessor-version":[{"id":2106,"href":"http:\/\/test.pus-eck.de\/index.php?rest_route=\/wp\/v2\/pages\/1520\/revisions\/2106"}],"wp:attachment":[{"href":"http:\/\/test.pus-eck.de\/index.php?rest_route=%2Fwp%2Fv2%2Fmedia&parent=1520"}],"curies":[{"name":"wp","href":"https:\/\/api.w.org\/{rel}","templated":true}]}}